{"id":971,"date":"2025-07-27T18:06:10","date_gmt":"2025-07-27T16:06:10","guid":{"rendered":"https:\/\/humtext.snlt.es\/?page_id=971"},"modified":"2025-08-04T18:09:35","modified_gmt":"2025-08-04T16:09:35","slug":"recursos-digitales","status":"publish","type":"page","link":"https:\/\/humtext.snlt.es\/gl\/recursos-digitales\/","title":{"rendered":"Recursos dixitais"},"content":{"rendered":"<div id=\"pl-971\"  class=\"panel-layout\" ><div id=\"pg-971-0\"  class=\"panel-grid panel-no-style\" ><div id=\"pgc-971-0-0\"  class=\"panel-grid-cell\" ><div id=\"panel-971-0-0-0\" class=\"so-panel widget widget_sow-editor panel-first-child panel-last-child\" data-index=\"0\" ><div\n\t\t\t\n\t\t\tclass=\"so-widget-sow-editor so-widget-sow-editor-base\"\n\t\t\t\n\t\t>\n<div class=\"siteorigin-widget-tinymce textwidget\">\n\t<p data-start=\"126\" data-end=\"281\">O corpus foi desenvolvido empregando PHP como linguaxe principal para a parte do servidor (backend). A interface de usuario (frontend) constru\u00eduse con HTML e JavaScript, empregando ademais o framework Bootstrap para a estrutura, os controis e distintos elementos visuais da interface. Para a base de datos empregouse MySQL.<\/p>\n<div id=\"attachment_986\" style=\"width: 615px\"  class=\"wp-caption aligncenter\"><img loading=\"lazy\" decoding=\"async\" class=\" wp-image-986\" src=\"https:\/\/humtext.snlt.es\/wp-content\/uploads\/2025\/07\/captura-300x153.png\" alt=\"\" width=\"605\" height=\"308\" srcset=\"https:\/\/humtext.snlt.es\/wp-content\/uploads\/2025\/07\/captura-300x153.png 300w, https:\/\/humtext.snlt.es\/wp-content\/uploads\/2025\/07\/captura-1024x523.png 1024w, https:\/\/humtext.snlt.es\/wp-content\/uploads\/2025\/07\/captura-1536x785.png 1536w, https:\/\/humtext.snlt.es\/wp-content\/uploads\/2025\/07\/captura.png 1739w\" sizes=\"auto, (max-width: 605px) 100vw, 605px\" \/><p class=\"wp-caption-text\">Captura da zona privada de <em>Humtext<\/em><\/p><\/div>\n<p>O corpus constru\u00eduse a medida, adaptado especificamente \u00e1s necesidades do proxecto, e est\u00e1 organizado en d\u00faas partes:<\/p>\n<ul>\n<li>a) Parte privada. Est\u00e1 destinada \u00e1 xesti\u00f3n interna do corpus. Desde ela admin\u00edstrase toda a informaci\u00f3n asociada a cada mostra, inclu\u00edndo a imaxe escaneada, o nome do medio de publicaci\u00f3n, a data, a transcrici\u00f3n, entre outros metadatos relevantes.<\/li>\n<li>b) Parte p\u00fablica. Corresp\u00f3ndese co buscador xeral, accesible para todos os usuarios. Permite consultar o contido do corpus mediante diversos filtros de busca, facilitando as\u00ed a exploraci\u00f3n sistem\u00e1tica dos materiais dispo\u00f1ibles.<\/li>\n<\/ul>\n<\/div>\n<\/div><\/div><\/div><\/div><\/div>","protected":false},"excerpt":{"rendered":"<p>O corpus foi desenvolvido empregando PHP como linguaxe principal para a parte do servidor (backend). A interface de usuario (frontend) constru\u00eduse con HTML e JavaScript, empregando ademais o framework Bootstrap para a estrutura, os controis e distintos elementos visuais da interface. Para a base de datos empregouse MySQL. O corpus constru\u00eduse a medida, adaptado especificamente [&hellip;]<\/p>\n","protected":false},"author":1,"featured_media":0,"parent":0,"menu_order":0,"comment_status":"closed","ping_status":"closed","template":"","meta":{"footnotes":""},"class_list":["post-971","page","type-page","status-publish","hentry","post"],"_links":{"self":[{"href":"https:\/\/humtext.snlt.es\/gl\/wp-json\/wp\/v2\/pages\/971","targetHints":{"allow":["GET"]}}],"collection":[{"href":"https:\/\/humtext.snlt.es\/gl\/wp-json\/wp\/v2\/pages"}],"about":[{"href":"https:\/\/humtext.snlt.es\/gl\/wp-json\/wp\/v2\/types\/page"}],"author":[{"embeddable":true,"href":"https:\/\/humtext.snlt.es\/gl\/wp-json\/wp\/v2\/users\/1"}],"replies":[{"embeddable":true,"href":"https:\/\/humtext.snlt.es\/gl\/wp-json\/wp\/v2\/comments?post=971"}],"version-history":[{"count":24,"href":"https:\/\/humtext.snlt.es\/gl\/wp-json\/wp\/v2\/pages\/971\/revisions"}],"predecessor-version":[{"id":1120,"href":"https:\/\/humtext.snlt.es\/gl\/wp-json\/wp\/v2\/pages\/971\/revisions\/1120"}],"wp:attachment":[{"href":"https:\/\/humtext.snlt.es\/gl\/wp-json\/wp\/v2\/media?parent=971"}],"curies":[{"name":"wp","href":"https:\/\/api.w.org\/{rel}","templated":true}]}}