{"id":961,"date":"2025-07-27T17:00:45","date_gmt":"2025-07-27T15:00:45","guid":{"rendered":"https:\/\/humtext.snlt.es\/?page_id=961"},"modified":"2026-03-31T19:50:04","modified_gmt":"2026-03-31T17:50:04","slug":"creditos","status":"publish","type":"page","link":"https:\/\/humtext.snlt.es\/gl\/creditos\/","title":{"rendered":"Cr\u00e9ditos"},"content":{"rendered":"<div id=\"pl-961\"  class=\"panel-layout\" ><div id=\"pg-961-0\"  class=\"panel-grid panel-no-style\" ><div id=\"pgc-961-0-0\"  class=\"panel-grid-cell\" ><div id=\"panel-961-0-0-0\" class=\"so-panel widget widget_sow-editor panel-first-child panel-last-child\" data-index=\"0\" ><div\n\t\t\t\n\t\t\tclass=\"so-widget-sow-editor so-widget-sow-editor-base\"\n\t\t\t\n\t\t>\n<div class=\"siteorigin-widget-tinymce textwidget\">\n\t<p data-start=\"33\" data-end=\"143\">Moitos dos materiais inclu\u00eddos na base de datos de Humtext foron obtidos a partir dos seguintes cat\u00e1logos:<\/p>\n<ul>\n<li data-start=\"147\" data-end=\"192\">Hemeroteca da Biblioteca Nacional de Espa\u00f1a<\/li>\n<li data-start=\"147\" data-end=\"192\">Biblioteca Dixital Hisp\u00e1nica da Biblioteca Nacional de Espa\u00f1a<\/li>\n<li data-start=\"261\" data-end=\"324\">Biblioteca Virtual de Prensa Hist\u00f3rica, Ministerio de Cultura<\/li>\n<li data-start=\"327\" data-end=\"360\">Biblioteca Virtual de Andaluc\u00eda<\/li>\n<li data-start=\"363\" data-end=\"386\">Biblioteca de Catalunya<\/li>\n<\/ul>\n<hr \/>\n<h5><strong data-start=\"0\" data-end=\"18\" data-is-only-node=\"\">Agradecementos<\/strong><\/h5>\n<p><span style=\"color: #000000;\">A <a href=\"https:\/\/www.facebook.com\/cuadernossoliloquiosjmm\" target=\"_blank\" rel=\"noopener\">J.M.M. Caminero<\/a> por compartir xenerosamente as s\u00faas vi\u00f1etas.<\/span><\/p>\n<\/div>\n<\/div><\/div><\/div><\/div><\/div>","protected":false},"excerpt":{"rendered":"<p>Moitos dos materiais inclu\u00eddos na base de datos de Humtext foron obtidos a partir dos seguintes cat\u00e1logos: Hemeroteca da Biblioteca Nacional de Espa\u00f1a Biblioteca Dixital Hisp\u00e1nica da Biblioteca Nacional de Espa\u00f1a Biblioteca Virtual de Prensa Hist\u00f3rica, Ministerio de Cultura Biblioteca Virtual de Andaluc\u00eda Biblioteca de Catalunya Agradecementos A J.M.M. Caminero por compartir xenerosamente as s\u00faas [&hellip;]<\/p>\n","protected":false},"author":1,"featured_media":0,"parent":0,"menu_order":0,"comment_status":"closed","ping_status":"closed","template":"","meta":{"footnotes":""},"class_list":["post-961","page","type-page","status-publish","hentry","post"],"_links":{"self":[{"href":"https:\/\/humtext.snlt.es\/gl\/wp-json\/wp\/v2\/pages\/961","targetHints":{"allow":["GET"]}}],"collection":[{"href":"https:\/\/humtext.snlt.es\/gl\/wp-json\/wp\/v2\/pages"}],"about":[{"href":"https:\/\/humtext.snlt.es\/gl\/wp-json\/wp\/v2\/types\/page"}],"author":[{"embeddable":true,"href":"https:\/\/humtext.snlt.es\/gl\/wp-json\/wp\/v2\/users\/1"}],"replies":[{"embeddable":true,"href":"https:\/\/humtext.snlt.es\/gl\/wp-json\/wp\/v2\/comments?post=961"}],"version-history":[{"count":22,"href":"https:\/\/humtext.snlt.es\/gl\/wp-json\/wp\/v2\/pages\/961\/revisions"}],"predecessor-version":[{"id":1329,"href":"https:\/\/humtext.snlt.es\/gl\/wp-json\/wp\/v2\/pages\/961\/revisions\/1329"}],"wp:attachment":[{"href":"https:\/\/humtext.snlt.es\/gl\/wp-json\/wp\/v2\/media?parent=961"}],"curies":[{"name":"wp","href":"https:\/\/api.w.org\/{rel}","templated":true}]}}