{"id":34,"date":"2024-08-10T17:57:18","date_gmt":"2024-08-10T15:57:18","guid":{"rendered":"https:\/\/chiscor.snlt.es\/?page_id=34"},"modified":"2025-08-04T18:42:36","modified_gmt":"2025-08-04T16:42:36","slug":"como-buscar-en-el-corpus","status":"publish","type":"page","link":"https:\/\/humtext.snlt.es\/gl\/como-buscar-en-el-corpus\/","title":{"rendered":"Como buscar no corpus"},"content":{"rendered":"<div id=\"pl-34\"  class=\"panel-layout\" ><div id=\"pg-34-0\"  class=\"panel-grid panel-has-style\" ><div class=\"texto_justificado panel-row-style panel-row-style-for-34-0\" ><div id=\"pgc-34-0-0\"  class=\"panel-grid-cell\" ><div id=\"panel-34-0-0-0\" class=\"so-panel widget widget_sow-editor panel-first-child panel-last-child\" data-index=\"0\" ><div class=\"texto_justificado panel-widget-style panel-widget-style-for-34-0-0-0\" ><div\n\t\t\t\n\t\t\tclass=\"so-widget-sow-editor so-widget-sow-editor-base\"\n\t\t\t\n\t\t>\n<div class=\"siteorigin-widget-tinymce textwidget\">\n\t<p>Na secci\u00f3n <a href=\"https:\/\/humtext.snlt.es\/gl\/corpus-completo\/\" target=\"_blank\" rel=\"noopener\"><strong>Consulta b\u00e1sica<\/strong><\/a>, o usuario pode introducir unha secuencia de caracteres para localizala dentro do corpus. O sistema de busca de Humtext permite explorar o contido das transcrici\u00f3ns mediante tres modos principais de busca:<\/p>\n<ol>\n<li><em>Busca exacta<\/em>. A busca real\u00edzase considerando o texto exactamente como se escribiu, respectando tanto a orde como a forma das palabras.<br \/>\nExemplo: Se se introduce a expresi\u00f3n \"tres mil pesetas\", un resultado v\u00e1lido ser\u00eda \"El piso que se alquila renta tres mil pesetas\".<\/li>\n<li><em>Busca con todas as palabras en calquera orde.<\/em> Neste tipo de busca, recup\u00e9ranse os resultados que conte\u00f1en todas as palabras indicadas, a\u00ednda que non estean na mesma orde nin necesariamente xuntas.<br data-start=\"264\" data-end=\"267\" data-is-only-node=\"\" \/>Exemplo: Se se busca \"hombre, se\u00f1ora\", considerar\u00edase v\u00e1lido un fragmento como:<br data-start=\"346\" data-end=\"349\" \/>\u2013Hombre, <em>pues yo no le vi.<\/em><br data-start=\"375\" data-end=\"378\" \/>\u2013<em>Es que estaba en la galer\u00eda baja con una<\/em> se\u00f1ora.<\/li>\n<li><em>Busca parcial.<\/em> Non \u00e9 necesario que todas as palabras introducidas na busca aparezan na transcrici\u00f3n. O sistema recupera fragmentos que conten algunha delas. Exemplo: Se se busca \"se\u00f1or\", poder\u00edan aparecer resultados como: \"\u2013\u00a1\u00a1Se\u00f1or maestro!!\" ou \"\u2013No tengo, se\u00f1or\".<\/li>\n<\/ol>\n<p>Na secci\u00f3n <a href=\"https:\/\/humtext.snlt.es\/gl\/corpus-completo\/\" target=\"_blank\" rel=\"noopener\"><strong>Filtros avanzados<\/strong><\/a>, \u00e9 posible seleccionar distintos criterios para axustar a busca, como o medio (nome, lugar de edici\u00f3n, tipo de difusi\u00f3n, secci\u00f3n, ano), o x\u00e9nero humor\u00edstico, a tem\u00e1tica, entre outros. Os resultados amosar\u00e1n un listado de textos humor\u00edsticos, con opci\u00f3ns para ver a transcrici\u00f3n, consultar o arquivo completo e descargalo en formato PDF.<\/p>\n<\/div>\n<\/div><\/div><\/div><\/div><\/div><\/div><\/div>","protected":false},"excerpt":{"rendered":"<p>Na secci\u00f3n Consulta b\u00e1sica, o usuario pode introducir unha secuencia de caracteres para localizala dentro do corpus. O sistema de busca de Humtext permite explorar o contido das transcrici\u00f3ns mediante tres modos principais de busca: Busca exacta. A busca real\u00edzase considerando o texto exactamente como se escribiu, respectando tanto a orde como a forma das [&hellip;]<\/p>\n","protected":false},"author":1,"featured_media":0,"parent":0,"menu_order":0,"comment_status":"closed","ping_status":"closed","template":"","meta":{"footnotes":""},"class_list":["post-34","page","type-page","status-publish","hentry","post"],"_links":{"self":[{"href":"https:\/\/humtext.snlt.es\/gl\/wp-json\/wp\/v2\/pages\/34","targetHints":{"allow":["GET"]}}],"collection":[{"href":"https:\/\/humtext.snlt.es\/gl\/wp-json\/wp\/v2\/pages"}],"about":[{"href":"https:\/\/humtext.snlt.es\/gl\/wp-json\/wp\/v2\/types\/page"}],"author":[{"embeddable":true,"href":"https:\/\/humtext.snlt.es\/gl\/wp-json\/wp\/v2\/users\/1"}],"replies":[{"embeddable":true,"href":"https:\/\/humtext.snlt.es\/gl\/wp-json\/wp\/v2\/comments?post=34"}],"version-history":[{"count":38,"href":"https:\/\/humtext.snlt.es\/gl\/wp-json\/wp\/v2\/pages\/34\/revisions"}],"predecessor-version":[{"id":1127,"href":"https:\/\/humtext.snlt.es\/gl\/wp-json\/wp\/v2\/pages\/34\/revisions\/1127"}],"wp:attachment":[{"href":"https:\/\/humtext.snlt.es\/gl\/wp-json\/wp\/v2\/media?parent=34"}],"curies":[{"name":"wp","href":"https:\/\/api.w.org\/{rel}","templated":true}]}}