{"id":281,"date":"2025-01-02T00:01:31","date_gmt":"2025-01-01T23:01:31","guid":{"rendered":"https:\/\/humcor.snlt.es\/?page_id=281"},"modified":"2025-12-30T19:17:01","modified_gmt":"2025-12-30T18:17:01","slug":"politica-de-cookies","status":"publish","type":"page","link":"https:\/\/humtext.snlt.es\/gl\/politica-de-cookies\/","title":{"rendered":"Pol\u00edtica de cookies"},"content":{"rendered":"<div id=\"pl-281\"  class=\"panel-layout\" ><div id=\"pg-281-0\"  class=\"panel-grid panel-no-style\" ><div id=\"pgc-281-0-0\"  class=\"panel-grid-cell\" ><div id=\"panel-281-0-0-0\" class=\"so-panel widget widget_sow-editor panel-first-child panel-last-child\" data-index=\"0\" ><div class=\"texto_justificado panel-widget-style panel-widget-style-for-281-0-0-0\" ><div\n\t\t\t\n\t\t\tclass=\"so-widget-sow-editor so-widget-sow-editor-base\"\n\t\t\t\n\t\t>\n<div class=\"siteorigin-widget-tinymce textwidget\">\n\t<p data-start=\"75\" data-end=\"235\"><strong data-start=\"101\" data-end=\"151\">Data de entrada en vigor: <\/strong>1 de xaneiro de 2025<br data-start=\"151\" data-end=\"154\" \/><strong data-start=\"154\" data-end=\"193\">Banner de consentimento de cookies:<\/strong> Abrir banner de consentimento de cookies.<\/p>\n<h2 data-start=\"237\" data-end=\"533\"><strong data-start=\"237\" data-end=\"260\">Que son as cookies?<\/strong><\/h2>\n<p data-start=\"237\" data-end=\"533\">As cookies son pequenos arquivos de texto que se almacenan no seu dispositivo cando visita un sitio web. Util\u00edzanse para recordar as s\u00faas preferencias, mellorar a s\u00faa experiencia de navegaci\u00f3n e axudar aos propietarios do sitio a entender como interact\u00faa co seu contido.<\/p>\n<h2 data-start=\"535\" data-end=\"571\"><strong data-start=\"535\" data-end=\"571\">Tipos de cookies que utilizamos:<\/strong><\/h2>\n<h3 data-start=\"573\" data-end=\"934\"><strong data-start=\"573\" data-end=\"611\">1. Cookies estritamente necesarias<\/strong><\/h3>\n<p data-start=\"573\" data-end=\"934\"><strong data-start=\"614\" data-end=\"633\">Nome da cookie:<\/strong> CookieScriptConsent<br data-start=\"653\" data-end=\"656\" \/><strong data-start=\"656\" data-end=\"670\">Proveedor:<\/strong> humtext.snlt.es<br data-start=\"686\" data-end=\"689\" \/><strong data-start=\"689\" data-end=\"702\">Duraci\u00f3n:<\/strong> 1 mes<br data-start=\"708\" data-end=\"711\" \/><strong data-start=\"711\" data-end=\"726\">Descrici\u00f3n:<\/strong> O servizo Cookie-Script.com utiliza esta cookie para recordar as preferencias de consentimento de cookies dos visitantes. \u00c9 necesaria para que o banner de cookies de Cookie-Script.com funcione correctamente.<\/p>\n<h3 data-start=\"936\" data-end=\"1173\"><strong data-start=\"936\" data-end=\"964\">2. Cookies de rendemento<\/strong><\/h3>\n<p data-start=\"936\" data-end=\"1173\"><strong data-start=\"967\" data-end=\"986\">Nome da cookie:<\/strong> is_unique<br data-start=\"996\" data-end=\"999\" \/><strong data-start=\"999\" data-end=\"1013\">Proveedor:<\/strong> statcounter.com<br data-start=\"1029\" data-end=\"1032\" \/><strong data-start=\"1032\" data-end=\"1045\">Duraci\u00f3n:<\/strong> 1 ano e 1 mes<br data-start=\"1059\" data-end=\"1062\" \/><strong data-start=\"1062\" data-end=\"1077\">Descrici\u00f3n:<\/strong> StatCounter establece esta cookie para determinar se vostede \u00e9 un visitante novo ou recorrente.<\/p>\n<p data-start=\"1175\" data-end=\"1504\"><strong data-start=\"1175\" data-end=\"1194\">Nome da cookie:<\/strong> is_visitor_unique<br data-start=\"1212\" data-end=\"1215\" \/><strong data-start=\"1215\" data-end=\"1229\">Proveedor:<\/strong> statcounter.com<br data-start=\"1245\" data-end=\"1248\" \/><strong data-start=\"1248\" data-end=\"1261\">Duraci\u00f3n:<\/strong> 1 ano e 1 mes<br data-start=\"1275\" data-end=\"1278\" \/><strong data-start=\"1278\" data-end=\"1293\">Descrici\u00f3n:<\/strong> Esta cookie util\u00edzase para determinar se un visitante \u00e9 \u00fanico no sitio asign\u00e1ndolle un ID de visitante \u00fanico, axudando a rastrexar a navegaci\u00f3n e a interacci\u00f3n dos visitantes co sitio web con fins estat\u00edsticos.<\/p>\n<h3 data-start=\"1506\" data-end=\"1708\"><strong data-start=\"1506\" data-end=\"1538\">3. Cookies de funcionalidade<\/strong><\/h3>\n<p data-start=\"1506\" data-end=\"1708\"><strong data-start=\"1541\" data-end=\"1560\">Nome da cookie:<\/strong> sc_is_visitor_unique<br data-start=\"1581\" data-end=\"1584\" \/><strong data-start=\"1584\" data-end=\"1598\">Proveedor:<\/strong> humtext.snlt.es<br data-start=\"1614\" data-end=\"1617\" \/><strong data-start=\"1617\" data-end=\"1630\">Duraci\u00f3n:<\/strong> 1 ano e 1 mes<br data-start=\"1644\" data-end=\"1647\" \/><strong data-start=\"1647\" data-end=\"1662\">Descrici\u00f3n:<\/strong> Util\u00edzase para almacenar o n\u00famero de visitas.<\/p>\n<h2 data-start=\"1710\" data-end=\"1930\"><strong data-start=\"1710\" data-end=\"1734\">Xesti\u00f3n das cookies:<\/strong><\/h2>\n<p data-start=\"1710\" data-end=\"1930\">Pode xestionar as s\u00faas preferencias de cookies a trav\u00e9s da configuraci\u00f3n do seu navegador. A continuaci\u00f3n ind\u00edcanse as ligaz\u00f3ns para a xesti\u00f3n de cookies nalg\u00fans dos navegadores m\u00e1is populares:<\/p>\n<ul>\n<li data-start=\"1934\" data-end=\"1949\">Google Chrome<\/li>\n<li data-start=\"1934\" data-end=\"1949\">Mozilla Firefox<\/li>\n<li data-start=\"1934\" data-end=\"1949\">Safari<\/li>\n<li data-start=\"1934\" data-end=\"1949\">Microsoft Edge<\/li>\n<\/ul>\n<h2 data-start=\"2001\" data-end=\"2151\"><strong data-start=\"2001\" data-end=\"2022\">M\u00e1is informaci\u00f3n:<\/strong><\/h2>\n<p data-start=\"2001\" data-end=\"2151\">Para obter m\u00e1is informaci\u00f3n sobre como utilizamos as cookies e outros datos persoais, consulte a nosa <a href=\"https:\/\/humtext.snlt.es\/gl\/politica-de-privacidad\/\" target=\"_blank\" rel=\"noopener\">Pol\u00edtica de Privacidade<\/a>.<\/p>\n<\/div>\n<\/div><\/div><\/div><\/div><\/div><\/div>","protected":false},"excerpt":{"rendered":"<p>Data de entrada en vigor: 1 de xaneiro de 2025Banner de consentimento de cookies: Abrir banner de consentimento de cookies. Que son as cookies? As cookies son pequenos arquivos de texto que se almacenan no seu dispositivo cando visita un sitio web. Util\u00edzanse para recordar as s\u00faas preferencias, mellorar a s\u00faa experiencia de navegaci\u00f3n e [&hellip;]<\/p>\n","protected":false},"author":1,"featured_media":0,"parent":0,"menu_order":0,"comment_status":"closed","ping_status":"closed","template":"","meta":{"footnotes":""},"class_list":["post-281","page","type-page","status-publish","hentry","post"],"_links":{"self":[{"href":"https:\/\/humtext.snlt.es\/gl\/wp-json\/wp\/v2\/pages\/281","targetHints":{"allow":["GET"]}}],"collection":[{"href":"https:\/\/humtext.snlt.es\/gl\/wp-json\/wp\/v2\/pages"}],"about":[{"href":"https:\/\/humtext.snlt.es\/gl\/wp-json\/wp\/v2\/types\/page"}],"author":[{"embeddable":true,"href":"https:\/\/humtext.snlt.es\/gl\/wp-json\/wp\/v2\/users\/1"}],"replies":[{"embeddable":true,"href":"https:\/\/humtext.snlt.es\/gl\/wp-json\/wp\/v2\/comments?post=281"}],"version-history":[{"count":21,"href":"https:\/\/humtext.snlt.es\/gl\/wp-json\/wp\/v2\/pages\/281\/revisions"}],"predecessor-version":[{"id":1259,"href":"https:\/\/humtext.snlt.es\/gl\/wp-json\/wp\/v2\/pages\/281\/revisions\/1259"}],"wp:attachment":[{"href":"https:\/\/humtext.snlt.es\/gl\/wp-json\/wp\/v2\/media?parent=281"}],"curies":[{"name":"wp","href":"https:\/\/api.w.org\/{rel}","templated":true}]}}