{"id":28,"date":"2024-08-10T17:51:38","date_gmt":"2024-08-10T15:51:38","guid":{"rendered":"https:\/\/chiscor.snlt.es\/?page_id=28"},"modified":"2026-03-31T19:54:19","modified_gmt":"2026-03-31T17:54:19","slug":"presentacion","status":"publish","type":"page","link":"https:\/\/humtext.snlt.es\/gl\/","title":{"rendered":"Inicio"},"content":{"rendered":"<div id=\"pl-28\"  class=\"panel-layout\" ><div id=\"pg-28-0\"  class=\"panel-grid panel-no-style\" ><div id=\"pgc-28-0-0\"  class=\"panel-grid-cell\" ><div id=\"panel-28-0-0-0\" class=\"widget_text so-panel widget widget_custom_html panel-first-child panel-last-child\" data-index=\"0\" ><div class=\"textwidget custom-html-widget\"><div class=\"muestras-slider\"><div class=\"muestra-wrapper v1\" style=\"display:flex;\">\n                    <a href=\"https:\/\/humtext.snlt.es\/corpus-completo\/?i=02000_ES_CHIS26_MAD\"><img decoding=\"async\" src=\"https:\/\/humtext.snlt.es\/corpus\/buscador\/img\/1850674882.png\" class=\"muestra-img\"><\/a>\n                  <\/div><div class=\"muestra-wrapper v1\" style=\"display:none;\">\n                    <a href=\"https:\/\/humtext.snlt.es\/corpus-completo\/?i=01172_ES_CHIS26_MAD\"><img decoding=\"async\" src=\"https:\/\/humtext.snlt.es\/corpus\/buscador\/img\/1718359460.png\" class=\"muestra-img\"><\/a>\n                  <\/div><div class=\"muestra-wrapper v1\" style=\"display:none;\">\n                    <a href=\"https:\/\/humtext.snlt.es\/corpus-completo\/?i=01220_ES_NARR22_MAD\"><img decoding=\"async\" src=\"https:\/\/humtext.snlt.es\/corpus\/buscador\/img\/900768633.png\" class=\"muestra-img\"><\/a>\n                  <\/div><div class=\"muestra-wrapper v1\" style=\"display:none;\">\n                    <a href=\"https:\/\/humtext.snlt.es\/corpus-completo\/?i=01440_ES_CHIS26_MAD\"><img decoding=\"async\" src=\"https:\/\/humtext.snlt.es\/corpus\/buscador\/img\/1374580230.png\" class=\"muestra-img\"><\/a>\n                  <\/div><div class=\"muestra-wrapper v1\" style=\"display:none;\">\n                    <a href=\"https:\/\/humtext.snlt.es\/corpus-completo\/?i=02002_ES_CHIS26_MAD\"><img decoding=\"async\" src=\"https:\/\/humtext.snlt.es\/corpus\/buscador\/img\/805908840.png\" class=\"muestra-img\"><\/a>\n                  <\/div><div class=\"muestra-wrapper v1\" style=\"display:none;\">\n                    <a href=\"https:\/\/humtext.snlt.es\/corpus-completo\/?i=01223_ES_NARR22_MAD\"><img decoding=\"async\" src=\"https:\/\/humtext.snlt.es\/corpus\/buscador\/img\/1450176451.png\" class=\"muestra-img\"><\/a>\n                  <\/div><div class=\"muestra-wrapper v1\" style=\"display:none;\">\n                    <a href=\"https:\/\/humtext.snlt.es\/corpus-completo\/?i=01915_ES_CHIS26_MAD\"><img decoding=\"async\" src=\"https:\/\/humtext.snlt.es\/corpus\/buscador\/img\/902659174.png\" class=\"muestra-img\"><\/a>\n                  <\/div><div class=\"muestra-wrapper v1\" style=\"display:none;\">\n                    <a href=\"https:\/\/humtext.snlt.es\/corpus-completo\/?i=00571_ES_CHIS26_MAD\"><img decoding=\"async\" src=\"https:\/\/humtext.snlt.es\/corpus\/buscador\/img\/1566354273.png\" class=\"muestra-img\"><\/a>\n                  <\/div><\/div><script>\n        jQuery(document).ready(function($){\n            let wrappers = $(\".muestra-wrapper.v1\");\n            let i = 0;\n            setInterval(function(){\n                wrappers.eq(i).fadeOut(1000);\n                i = (i + 1) % wrappers.length;\n                wrappers.eq(i).fadeIn(1000);\n            }, 5000);\n        });\n    <\/script><\/div><\/div><\/div><div id=\"pgc-28-0-1\"  class=\"panel-grid-cell\" ><div id=\"panel-28-0-1-0\" class=\"so-panel widget widget_sow-editor panel-first-child panel-last-child\" data-index=\"1\" ><div class=\"texto_justificado panel-widget-style panel-widget-style-for-28-0-1-0\" ><div\n\t\t\t\n\t\t\tclass=\"so-widget-sow-editor so-widget-sow-editor-base\"\n\t\t\t\n\t\t>\n<div class=\"siteorigin-widget-tinymce textwidget\">\n\t<p data-start=\"131\" data-end=\"557\"><strong data-start=\"53\" data-end=\"71\"><span style=\"color: #937a5b;\">Que \u00e9 Humtext?<\/span><\/strong><br data-start=\"71\" data-end=\"74\" \/><strong data-start=\"74\" data-end=\"110\">Humtext. Corpus de humor escrito<\/strong> \u00e9 un corpus en li\u00f1a dese\u00f1ado especificamente para o estudo do humor escrito en publicaci\u00f3ns impresas, como xornais, folletos, revistas, almanaques, libros, fasc\u00edculos ou fanzines. Este corpus complementa a base de datos multimodal <a href=\"https:\/\/humcor.snlt.es\/\" target=\"_blank\" rel=\"noopener\"><span style=\"color: #800000;\"><strong>Humcor<\/strong><\/span><\/a>, que recolle 125 anos de produci\u00f3n oral humor\u00edstica de distintas variedades do espa\u00f1ol de Espa\u00f1a, Hispanoam\u00e9rica e Guinea Ecuatorial.<\/p>\n<p data-start=\"131\" data-end=\"557\"><span style=\"color: #937a5b;\"><strong>\u00bfQue incl\u00fae Humtext?<br \/>\n<\/strong><\/span>Constit\u00fae unha base de datos de textos humor\u00edsticos \u2014chistes, an\u00e9cdotas, epigramas, esquelas, obituarios, epitafios, relatos, artigos, cr\u00f3nicas ou novas\u2014 procedentes tam\u00e9n de diferentes formatos, como vi\u00f1etas, tiras c\u00f3micas, entre outros.<\/p>\n<\/div>\n<\/div><\/div><\/div><\/div><\/div><div id=\"pg-28-1\"  class=\"panel-grid panel-no-style\" ><div id=\"pgc-28-1-0\"  class=\"panel-grid-cell\" ><div id=\"panel-28-1-0-0\" class=\"so-panel widget widget_sow-editor panel-first-child panel-last-child\" data-index=\"2\" ><div class=\"texto_justificado panel-widget-style panel-widget-style-for-28-1-0-0\" ><div\n\t\t\t\n\t\t\tclass=\"so-widget-sow-editor so-widget-sow-editor-base\"\n\t\t\t\n\t\t>\n<div class=\"siteorigin-widget-tinymce textwidget\">\n\t<p data-start=\"131\" data-end=\"557\"><span style=\"color: #937a5b;\"><strong>\u00bfQue per\u00edodo abrangue Humtext?<\/strong><\/span><br data-start=\"72\" data-end=\"75\" \/>O corpus abrangue un extenso per\u00edodo hist\u00f3rico, con materiais que datan desde 1495 ata\u00a0a actualidade, \u00e9 dicir, m\u00e1is de 500 anos de produci\u00f3n humor\u00edstica escrita. Os textos foron recompilados a partir de arquivos hist\u00f3ricos dispo\u00f1ibles en repositorios e hemerotecas p\u00fablicas, colecci\u00f3ns persoais e plataformas dixitais.<\/p>\n<p><span style=\"color: #937a5b;\"><strong>\u00bfCal \u00e9 o obxectivo de Humtext?<br \/>\n<\/strong><\/span>O proxecto ten como prop\u00f3sito estudar e documentar de maneira sistem\u00e1tica e a grande escala o humor escrito en espa\u00f1ol presente en textos impresos ao longo de m\u00e1is de cinco s\u00e9culos de historia. As\u00ed mesmo, contempla a dixitalizaci\u00f3n de materiais procedentes da prensa escrita, co obxectivo de crear unha biblioteca dixital dedicada ao humor escrito.<\/p>\n<\/div>\n<\/div><\/div><\/div><\/div><div id=\"pgc-28-1-1\"  class=\"panel-grid-cell\" ><div id=\"panel-28-1-1-0\" class=\"widget_text so-panel widget widget_custom_html panel-first-child panel-last-child\" data-index=\"3\" ><div class=\"textwidget custom-html-widget\"><div class=\"muestras-slider\"><div class=\"muestra-wrapper v2\" style=\"display:flex;\">\n                    <a href=\"https:\/\/humtext.snlt.es\/corpus-completo\/?i=02240_ES_CHIS22_MON\"><img decoding=\"async\" src=\"https:\/\/humtext.snlt.es\/corpus\/buscador\/img\/1865216504.png\" class=\"muestra-img\"><\/a>\n                  <\/div><div class=\"muestra-wrapper v2\" style=\"display:none;\">\n                    <a href=\"https:\/\/humtext.snlt.es\/corpus-completo\/?i=00864_ES_CHIS22_BAR\"><img decoding=\"async\" src=\"https:\/\/humtext.snlt.es\/corpus\/buscador\/img\/1812515183.png\" class=\"muestra-img\"><\/a>\n                  <\/div><div class=\"muestra-wrapper v2\" style=\"display:none;\">\n                    <a href=\"https:\/\/humtext.snlt.es\/corpus-completo\/?i=00645_ES_CHIS22_MAD\"><img decoding=\"async\" src=\"https:\/\/humtext.snlt.es\/corpus\/buscador\/img\/1411410173.png\" class=\"muestra-img\"><\/a>\n                  <\/div><div class=\"muestra-wrapper v2\" style=\"display:none;\">\n                    <a href=\"https:\/\/humtext.snlt.es\/corpus-completo\/?i=00773_ES_CHIS22_BAR\"><img decoding=\"async\" src=\"https:\/\/humtext.snlt.es\/corpus\/buscador\/img\/2045760645.png\" class=\"muestra-img\"><\/a>\n                  <\/div><div class=\"muestra-wrapper v2\" style=\"display:none;\">\n                    <a href=\"https:\/\/humtext.snlt.es\/corpus-completo\/?i=02202_ES_CHIS22_BUE\"><img decoding=\"async\" src=\"https:\/\/humtext.snlt.es\/corpus\/buscador\/img\/958495899.png\" class=\"muestra-img\"><\/a>\n                  <\/div><div class=\"muestra-wrapper v2\" style=\"display:none;\">\n                    <a href=\"https:\/\/humtext.snlt.es\/corpus-completo\/?i=01384_ES_CHIS22_BAR\"><img decoding=\"async\" src=\"https:\/\/humtext.snlt.es\/corpus\/buscador\/img\/777902340.png\" class=\"muestra-img\"><\/a>\n                  <\/div><div class=\"muestra-wrapper v2\" style=\"display:none;\">\n                    <a href=\"https:\/\/humtext.snlt.es\/corpus-completo\/?i=01726_ES_CHIS22_MAD\"><img decoding=\"async\" src=\"https:\/\/humtext.snlt.es\/corpus\/buscador\/img\/1258270740.png\" class=\"muestra-img\"><\/a>\n                  <\/div><div class=\"muestra-wrapper v2\" style=\"display:none;\">\n                    <a href=\"https:\/\/humtext.snlt.es\/corpus-completo\/?i=01065_ES_CHIS22_MAD\"><img decoding=\"async\" src=\"https:\/\/humtext.snlt.es\/corpus\/buscador\/img\/1165066276.png\" class=\"muestra-img\"><\/a>\n                  <\/div><\/div><script>\n        jQuery(document).ready(function($){\n            let wrappers = $(\".muestra-wrapper.v2\");\n            let i = 0;\n            setInterval(function(){\n                wrappers.eq(i).fadeOut(1000);\n                i = (i + 1) % wrappers.length;\n                wrappers.eq(i).fadeIn(1000);\n            }, 5000);\n        });\n    <\/script><\/div><\/div><\/div><\/div><\/div>","protected":false},"excerpt":{"rendered":"<p>Que \u00e9 Humtext?Humtext. Corpus de humor escrito \u00e9 un corpus en li\u00f1a dese\u00f1ado especificamente para o estudo do humor escrito en publicaci\u00f3ns impresas, como xornais, folletos, revistas, almanaques, libros, fasc\u00edculos ou fanzines. Este corpus complementa a base de datos multimodal Humcor, que recolle 125 anos de produci\u00f3n oral humor\u00edstica de distintas variedades do espa\u00f1ol de [&hellip;]<\/p>\n","protected":false},"author":1,"featured_media":0,"parent":0,"menu_order":0,"comment_status":"closed","ping_status":"closed","template":"home-panels.php","meta":{"footnotes":""},"class_list":["post-28","page","type-page","status-publish","hentry","post"],"_links":{"self":[{"href":"https:\/\/humtext.snlt.es\/gl\/wp-json\/wp\/v2\/pages\/28","targetHints":{"allow":["GET"]}}],"collection":[{"href":"https:\/\/humtext.snlt.es\/gl\/wp-json\/wp\/v2\/pages"}],"about":[{"href":"https:\/\/humtext.snlt.es\/gl\/wp-json\/wp\/v2\/types\/page"}],"author":[{"embeddable":true,"href":"https:\/\/humtext.snlt.es\/gl\/wp-json\/wp\/v2\/users\/1"}],"replies":[{"embeddable":true,"href":"https:\/\/humtext.snlt.es\/gl\/wp-json\/wp\/v2\/comments?post=28"}],"version-history":[{"count":358,"href":"https:\/\/humtext.snlt.es\/gl\/wp-json\/wp\/v2\/pages\/28\/revisions"}],"predecessor-version":[{"id":1333,"href":"https:\/\/humtext.snlt.es\/gl\/wp-json\/wp\/v2\/pages\/28\/revisions\/1333"}],"wp:attachment":[{"href":"https:\/\/humtext.snlt.es\/gl\/wp-json\/wp\/v2\/media?parent=28"}],"curies":[{"name":"wp","href":"https:\/\/api.w.org\/{rel}","templated":true}]}}