{"id":279,"date":"2025-01-01T23:59:50","date_gmt":"2025-01-01T22:59:50","guid":{"rendered":"https:\/\/humcor.snlt.es\/?page_id=279"},"modified":"2025-12-30T19:06:35","modified_gmt":"2025-12-30T18:06:35","slug":"politica-de-privacidad","status":"publish","type":"page","link":"https:\/\/humtext.snlt.es\/gl\/politica-de-privacidad\/","title":{"rendered":"Pol\u00edtica de privacidade"},"content":{"rendered":"<div id=\"pl-279\"  class=\"panel-layout\" ><div id=\"pg-279-0\"  class=\"panel-grid panel-no-style\" ><div id=\"pgc-279-0-0\"  class=\"panel-grid-cell\" ><div id=\"panel-279-0-0-0\" class=\"so-panel widget widget_sow-editor panel-first-child panel-last-child\" data-index=\"0\" ><div class=\"texto_justificado panel-widget-style panel-widget-style-for-279-0-0-0\" ><div\n\t\t\t\n\t\t\tclass=\"so-widget-sow-editor so-widget-sow-editor-base\"\n\t\t\t\n\t\t>\n<div class=\"siteorigin-widget-tinymce textwidget\">\n\t<p data-start=\"79\" data-end=\"129\"><strong data-start=\"79\" data-end=\"129\">Data de entrada en vigor: 1 de xaneiro de 2025<\/strong><\/p>\n<p data-start=\"131\" data-end=\"348\">En <strong data-start=\"134\" data-end=\"145\">Humtext<\/strong> compromet\u00e9monos a protexer a privacidade e a seguridade dos nosos visitantes e usuarios. Esta Pol\u00edtica de Privacidade describe como xestionamos a informaci\u00f3n que recompilamos a trav\u00e9s do noso sitio web.<\/p>\n<h2 data-start=\"350\" data-end=\"382\"><strong data-start=\"350\" data-end=\"382\">Recollida de datos persoais:<\/strong><\/h2>\n<p data-start=\"384\" data-end=\"589\">Non recollemos ning\u00fan dato persoal dos nosos visitantes a menos que se proporcione voluntariamente a trav\u00e9s do noso formulario de contacto. Os datos recompilados a trav\u00e9s do formulario de contacto incl\u00faen:<\/p>\n<ul>\n<li data-start=\"593\" data-end=\"599\">Nome<\/li>\n<li data-start=\"593\" data-end=\"599\">Enderezo de correo electr\u00f3nico<\/li>\n<li data-start=\"593\" data-end=\"599\">Mensaxe<\/li>\n<\/ul>\n<h2 data-start=\"648\" data-end=\"675\"><strong data-start=\"648\" data-end=\"675\">Uso dos datos persoais:<\/strong><\/h2>\n<p data-start=\"677\" data-end=\"910\">Os datos proporcionados a trav\u00e9s do formulario de contacto util\u00edzanse exclusivamente para responder axeitadamente \u00e1s consultas e ofrecer a informaci\u00f3n solicitada. Non compartimos, vendemos nin divulgamos esta informaci\u00f3n a terceiros.<\/p>\n<h2 data-start=\"912\" data-end=\"931\"><strong data-start=\"912\" data-end=\"931\">Uso de cookies:<\/strong><\/h2>\n<p data-start=\"933\" data-end=\"1218\">Utilizamos cookies unicamente para a an\u00e1lise do sitio web. Estas cookies ax\u00fadannos a comprender como interact\u00faan os visitantes co noso sitio, o que nos permite mellorar a s\u00faa funcionalidade e contido. Pode obter m\u00e1is informaci\u00f3n sobre as cookies deste sitio web na Pol\u00edtica de Cookies.<\/p>\n<h2 data-start=\"1220\" data-end=\"1245\"><strong data-start=\"1220\" data-end=\"1245\">Seguridade dos datos:<\/strong><\/h2>\n<p data-start=\"1247\" data-end=\"1432\">Tomamos moi en serio a seguridade dos datos e implementamos medidas t\u00e9cnicas e organizativas adecuadas para protexer a informaci\u00f3n proporcionada a trav\u00e9s do noso formulario de contacto.<\/p>\n<h2 data-start=\"1434\" data-end=\"1476\"><strong data-start=\"1434\" data-end=\"1476\">Cambios nesta Pol\u00edtica de Privacidade:<\/strong><\/h2>\n<p data-start=\"1478\" data-end=\"1712\">Podemos actualizar esta Pol\u00edtica de Privacidade periodicamente para reflectir cambios nas nosas pr\u00e1cticas ou na lexislaci\u00f3n aplicable. Publicaremos calquera cambio nesta p\u00e1xina, polo que lle recomendamos revisala de maneira peri\u00f3dica.<\/p>\n<h2 data-start=\"1714\" data-end=\"1727\"><strong data-start=\"1714\" data-end=\"1727\">Contacto:<\/strong><\/h2>\n<p data-start=\"1729\" data-end=\"1849\">Se ten algunha pregunta sobre esta Pol\u00edtica de Privacidade, pode contactar connosco a trav\u00e9s da <a href=\"https:\/\/humtext.snlt.es\/gl\/contact\/\" target=\"_blank\" rel=\"noopener\">nosa p\u00e1xina de contact<\/a>o.<\/p>\n<\/div>\n<\/div><\/div><\/div><\/div><\/div><\/div>","protected":false},"excerpt":{"rendered":"<p>Data de entrada en vigor: 1 de xaneiro de 2025 En Humtext compromet\u00e9monos a protexer a privacidade e a seguridade dos nosos visitantes e usuarios. Esta Pol\u00edtica de Privacidade describe como xestionamos a informaci\u00f3n que recompilamos a trav\u00e9s do noso sitio web. Recollida de datos persoais: Non recollemos ning\u00fan dato persoal dos nosos visitantes a [&hellip;]<\/p>\n","protected":false},"author":1,"featured_media":0,"parent":0,"menu_order":0,"comment_status":"closed","ping_status":"closed","template":"","meta":{"footnotes":""},"class_list":["post-279","page","type-page","status-publish","hentry","post"],"_links":{"self":[{"href":"https:\/\/humtext.snlt.es\/gl\/wp-json\/wp\/v2\/pages\/279","targetHints":{"allow":["GET"]}}],"collection":[{"href":"https:\/\/humtext.snlt.es\/gl\/wp-json\/wp\/v2\/pages"}],"about":[{"href":"https:\/\/humtext.snlt.es\/gl\/wp-json\/wp\/v2\/types\/page"}],"author":[{"embeddable":true,"href":"https:\/\/humtext.snlt.es\/gl\/wp-json\/wp\/v2\/users\/1"}],"replies":[{"embeddable":true,"href":"https:\/\/humtext.snlt.es\/gl\/wp-json\/wp\/v2\/comments?post=279"}],"version-history":[{"count":27,"href":"https:\/\/humtext.snlt.es\/gl\/wp-json\/wp\/v2\/pages\/279\/revisions"}],"predecessor-version":[{"id":1257,"href":"https:\/\/humtext.snlt.es\/gl\/wp-json\/wp\/v2\/pages\/279\/revisions\/1257"}],"wp:attachment":[{"href":"https:\/\/humtext.snlt.es\/gl\/wp-json\/wp\/v2\/media?parent=279"}],"curies":[{"name":"wp","href":"https:\/\/api.w.org\/{rel}","templated":true}]}}