{"id":971,"date":"2025-07-27T18:06:10","date_gmt":"2025-07-27T16:06:10","guid":{"rendered":"https:\/\/humtext.snlt.es\/?page_id=971"},"modified":"2025-08-04T18:09:35","modified_gmt":"2025-08-04T16:09:35","slug":"recursos-digitales","status":"publish","type":"page","link":"https:\/\/humtext.snlt.es\/ca\/recursos-digitales\/","title":{"rendered":"Recursos digitals"},"content":{"rendered":"<div id=\"pl-971\"  class=\"panel-layout\" ><div id=\"pg-971-0\"  class=\"panel-grid panel-no-style\" ><div id=\"pgc-971-0-0\"  class=\"panel-grid-cell\" ><div id=\"panel-971-0-0-0\" class=\"so-panel widget widget_sow-editor panel-first-child panel-last-child\" data-index=\"0\" ><div\n\t\t\t\n\t\t\tclass=\"so-widget-sow-editor so-widget-sow-editor-base\"\n\t\t\t\n\t\t>\n<div class=\"siteorigin-widget-tinymce textwidget\">\n\t<p data-start=\"126\" data-end=\"281\">El corpus ha estat desenvolupat utilitzant PHP com a llenguatge principal per a la part del servidor (Backend). La interf\u00edcie d\u2019usuari (Frontend) s\u2019ha constru\u00eft amb HTML i JavaScript, emprant tamb\u00e9 el framework Bootstrap per a l\u2019estructura, els controls i diversos elements visuals de la interf\u00edcie. Per a la base de dades s\u2019ha utilitzat MySQL.<\/p>\n<div id=\"attachment_986\" style=\"width: 615px\"  class=\"wp-caption aligncenter\"><img loading=\"lazy\" decoding=\"async\" class=\" wp-image-986\" src=\"https:\/\/humtext.snlt.es\/wp-content\/uploads\/2025\/07\/captura-300x153.png\" alt=\"\" width=\"605\" height=\"308\" srcset=\"https:\/\/humtext.snlt.es\/wp-content\/uploads\/2025\/07\/captura-300x153.png 300w, https:\/\/humtext.snlt.es\/wp-content\/uploads\/2025\/07\/captura-1024x523.png 1024w, https:\/\/humtext.snlt.es\/wp-content\/uploads\/2025\/07\/captura-1536x785.png 1536w, https:\/\/humtext.snlt.es\/wp-content\/uploads\/2025\/07\/captura.png 1739w\" sizes=\"auto, (max-width: 605px) 100vw, 605px\" \/><p class=\"wp-caption-text\">Captura de pantalla de l\u2019\u00e0rea privada de <em>Humtext<\/em><\/p><\/div>\n<p data-start=\"44\" data-end=\"160\">El corpus s\u2019ha constru\u00eft a mida, adaptat espec\u00edficament a les necessitats del projecte, i s\u2019organitza en dues parts:<\/p>\n<ul>\n<li data-start=\"162\" data-end=\"429\">a) Part privada. Est\u00e0 destinada a la gesti\u00f3 interna del corpus. Des d\u2019aquesta secci\u00f3 s\u2019administra tota la informaci\u00f3 associada a cada mostra, incloent-hi la imatge escanejada, el nom del mitj\u00e0 de publicaci\u00f3, la data, la transcripci\u00f3 i altres metadades rellevants.<\/li>\n<li data-start=\"431\" data-end=\"665\">b) Part p\u00fablica<strong data-start=\"431\" data-end=\"451\">.<\/strong> Correspon al <a href=\"https:\/\/humtext.snlt.es\/ca\/corpus-completo\/\" target=\"_blank\" rel=\"noopener\">cercador general<\/a>, accessible per a tots els usuaris. Permet consultar el contingut del corpus mitjan\u00e7ant diversos filtres de cerca, facilitant aix\u00ed l\u2019exploraci\u00f3 sistem\u00e0tica dels materials disponibles.<\/li>\n<\/ul>\n<\/div>\n<\/div><\/div><\/div><\/div><\/div>","protected":false},"excerpt":{"rendered":"<p>El corpus ha estat desenvolupat utilitzant PHP com a llenguatge principal per a la part del servidor (Backend). La interf\u00edcie d\u2019usuari (Frontend) s\u2019ha constru\u00eft amb HTML i JavaScript, emprant tamb\u00e9 el framework Bootstrap per a l\u2019estructura, els controls i diversos elements visuals de la interf\u00edcie. Per a la base de dades s\u2019ha utilitzat MySQL. El [&hellip;]<\/p>\n","protected":false},"author":1,"featured_media":0,"parent":0,"menu_order":0,"comment_status":"closed","ping_status":"closed","template":"","meta":{"footnotes":""},"class_list":["post-971","page","type-page","status-publish","hentry","post"],"_links":{"self":[{"href":"https:\/\/humtext.snlt.es\/ca\/wp-json\/wp\/v2\/pages\/971","targetHints":{"allow":["GET"]}}],"collection":[{"href":"https:\/\/humtext.snlt.es\/ca\/wp-json\/wp\/v2\/pages"}],"about":[{"href":"https:\/\/humtext.snlt.es\/ca\/wp-json\/wp\/v2\/types\/page"}],"author":[{"embeddable":true,"href":"https:\/\/humtext.snlt.es\/ca\/wp-json\/wp\/v2\/users\/1"}],"replies":[{"embeddable":true,"href":"https:\/\/humtext.snlt.es\/ca\/wp-json\/wp\/v2\/comments?post=971"}],"version-history":[{"count":24,"href":"https:\/\/humtext.snlt.es\/ca\/wp-json\/wp\/v2\/pages\/971\/revisions"}],"predecessor-version":[{"id":1120,"href":"https:\/\/humtext.snlt.es\/ca\/wp-json\/wp\/v2\/pages\/971\/revisions\/1120"}],"wp:attachment":[{"href":"https:\/\/humtext.snlt.es\/ca\/wp-json\/wp\/v2\/media?parent=971"}],"curies":[{"name":"wp","href":"https:\/\/api.w.org\/{rel}","templated":true}]}}