{"id":34,"date":"2024-08-10T17:57:18","date_gmt":"2024-08-10T15:57:18","guid":{"rendered":"https:\/\/chiscor.snlt.es\/?page_id=34"},"modified":"2025-08-04T18:42:36","modified_gmt":"2025-08-04T16:42:36","slug":"como-buscar-en-el-corpus","status":"publish","type":"page","link":"https:\/\/humtext.snlt.es\/ca\/como-buscar-en-el-corpus\/","title":{"rendered":"Com buscar al corpus"},"content":{"rendered":"<div id=\"pl-34\"  class=\"panel-layout\" ><div id=\"pg-34-0\"  class=\"panel-grid panel-has-style\" ><div class=\"texto_justificado panel-row-style panel-row-style-for-34-0\" ><div id=\"pgc-34-0-0\"  class=\"panel-grid-cell\" ><div id=\"panel-34-0-0-0\" class=\"so-panel widget widget_sow-editor panel-first-child panel-last-child\" data-index=\"0\" ><div class=\"texto_justificado panel-widget-style panel-widget-style-for-34-0-0-0\" ><div\n\t\t\t\n\t\t\tclass=\"so-widget-sow-editor so-widget-sow-editor-base\"\n\t\t\t\n\t\t>\n<div class=\"siteorigin-widget-tinymce textwidget\">\n\t<p data-start=\"44\" data-end=\"282\">A la secci\u00f3 <strong><a href=\"https:\/\/humtext.snlt.es\/ca\/corpus-completo\/\" target=\"_blank\" rel=\"noopener\">Consulta b\u00e0sica<\/a><\/strong>, l\u2019usuari pot introduir una seq\u00fc\u00e8ncia de car\u00e0cters per localitzar-la dins del corpus. El sistema de cerca de <strong>Humtext<\/strong> permet explorar el contingut de les transcripcions mitjan\u00e7ant tres modes principals de cerca:<\/p>\n<ol>\n<li data-start=\"44\" data-end=\"282\"><em>Cerca exacta.<\/em> La cerca es realitza considerant el text exactament com s\u2019ha escrit, respectant tant l\u2019ordre com la forma de les paraules. Exemple: Si s\u2019introdueix l\u2019expressi\u00f3 \"tres mil pesetas\", un resultat v\u00e0lid seria \"El piso que se alquila renta tres mil pesetas\".<\/li>\n<li data-start=\"44\" data-end=\"282\"><em>Cerca amb totes les paraules en qualsevol ordre. <\/em>En aquest tipus de cerca, es recuperen els resultats que contenen totes les paraules indicades, encara que no estiguin en el mateix ordre ni necess\u00e0riament juntes. Exemple: Si es busca \"hombre, se\u00f1oraa\", es consideraria v\u00e0lid un fragment com:<br \/>\n<em data-start=\"762\" data-end=\"790\">\u2013<\/em>Hombre<em data-start=\"762\" data-end=\"790\">, pues yo no le vi.<br \/>\n<\/em><em data-start=\"795\" data-end=\"846\">\u2013Es que estaba en la galer\u00eda baja con una<\/em>\u00a0se\u00f1ora<em data-start=\"795\" data-end=\"846\">.<\/em><\/li>\n<li data-start=\"44\" data-end=\"282\"><em>Cerca parcial.<\/em> No \u00e9s necessari que totes les paraules introdu\u00efdes en la cerca apareguin a la transcripci\u00f3. El sistema recupera fragments que continguin alguna d\u2019elles. Exemple: Si es busca \"se\u00f1or\", podrien apar\u00e8ixer resultats com \"\u2013\u00a1\u00a1Se\u00f1or\u00a0<em>maestro<\/em>!!\" o \"\u2013No tengo,\u00a0<em>se\u00f1or<\/em>\".<\/li>\n<\/ol>\n<p>A la secci\u00f3 <strong><a href=\"https:\/\/humtext.snlt.es\/ca\/corpus-completo\/\" target=\"_blank\" rel=\"noopener\">Filtres avan\u00e7ats<\/a><\/strong>, \u00e9s possible seleccionar diferents criteris per afinar la cerca, com el mitj\u00e0 (nom, lloc d\u2019edici\u00f3, tipus de difusi\u00f3, secci\u00f3, any), el g\u00e8nere humor\u00edstic, la tem\u00e0tica, entre altres. Els resultats mostraran un llistat de textos humor\u00edstics, amb opcions per veure la transcripci\u00f3, consultar l\u2019arxiu complet i descarregar-lo en format PDF.<\/p>\n<\/div>\n<\/div><\/div><\/div><\/div><\/div><\/div><\/div>","protected":false},"excerpt":{"rendered":"<p>A la secci\u00f3 Consulta b\u00e0sica, l\u2019usuari pot introduir una seq\u00fc\u00e8ncia de car\u00e0cters per localitzar-la dins del corpus. El sistema de cerca de Humtext permet explorar el contingut de les transcripcions mitjan\u00e7ant tres modes principals de cerca: Cerca exacta. La cerca es realitza considerant el text exactament com s\u2019ha escrit, respectant tant l\u2019ordre com la forma [&hellip;]<\/p>\n","protected":false},"author":1,"featured_media":0,"parent":0,"menu_order":0,"comment_status":"closed","ping_status":"closed","template":"","meta":{"footnotes":""},"class_list":["post-34","page","type-page","status-publish","hentry","post"],"_links":{"self":[{"href":"https:\/\/humtext.snlt.es\/ca\/wp-json\/wp\/v2\/pages\/34","targetHints":{"allow":["GET"]}}],"collection":[{"href":"https:\/\/humtext.snlt.es\/ca\/wp-json\/wp\/v2\/pages"}],"about":[{"href":"https:\/\/humtext.snlt.es\/ca\/wp-json\/wp\/v2\/types\/page"}],"author":[{"embeddable":true,"href":"https:\/\/humtext.snlt.es\/ca\/wp-json\/wp\/v2\/users\/1"}],"replies":[{"embeddable":true,"href":"https:\/\/humtext.snlt.es\/ca\/wp-json\/wp\/v2\/comments?post=34"}],"version-history":[{"count":38,"href":"https:\/\/humtext.snlt.es\/ca\/wp-json\/wp\/v2\/pages\/34\/revisions"}],"predecessor-version":[{"id":1127,"href":"https:\/\/humtext.snlt.es\/ca\/wp-json\/wp\/v2\/pages\/34\/revisions\/1127"}],"wp:attachment":[{"href":"https:\/\/humtext.snlt.es\/ca\/wp-json\/wp\/v2\/media?parent=34"}],"curies":[{"name":"wp","href":"https:\/\/api.w.org\/{rel}","templated":true}]}}