{"id":32,"date":"2024-08-10T17:56:25","date_gmt":"2024-08-10T15:56:25","guid":{"rendered":"https:\/\/chiscor.snlt.es\/?page_id=32"},"modified":"2025-09-04T18:26:51","modified_gmt":"2025-09-04T16:26:51","slug":"description","status":"publish","type":"page","link":"https:\/\/humtext.snlt.es\/ca\/description\/","title":{"rendered":"Descripci\u00f3"},"content":{"rendered":"<div id=\"pl-32\"  class=\"panel-layout\" ><div id=\"pg-32-0\"  class=\"panel-grid panel-no-style\" ><div id=\"pgc-32-0-0\"  class=\"panel-grid-cell\" ><div id=\"panel-32-0-0-0\" class=\"so-panel widget widget_sow-editor panel-first-child panel-last-child\" data-index=\"0\" ><div class=\"texto_justificado panel-widget-style panel-widget-style-for-32-0-0-0\" ><div\n\t\t\t\n\t\t\tclass=\"so-widget-sow-editor so-widget-sow-editor-base\"\n\t\t\t\n\t\t>\n<div class=\"siteorigin-widget-tinymce textwidget\">\n\t<p data-start=\"44\" data-end=\"398\"><span style=\"color: #000000;\">Cada mostra del corpus inclou una imatge escanejada del document original, acompanyada de la seva transcripci\u00f3. En aquells casos en qu\u00e8 l\u2019ortografia s\u2019allunya de la norma actual, tamb\u00e9 es proporciona una transcripci\u00f3 modernitzada, elaborada segons les normes generals vigents d\u2019escriptura de l\u2019espanyol, aix\u00ed com una edici\u00f3 cr\u00edtica, que consisteix en la comparaci\u00f3 entre la transcripci\u00f3 original i la modernitzada.<\/span><\/p>\n<p data-start=\"400\" data-end=\"507\"><span style=\"color: #000000;\">A cada mostra del corpus se li ha assignat un codi \u00fanic que permet identificar-la segons diversos criteris:<\/span><\/p>\n<ul>\n<li data-start=\"139\" data-end=\"743\"><span style=\"color: #000000;\">l\u2019idioma (<code data-start=\"262\" data-end=\"266\">ES<\/code> = espanyol);<\/span><\/li>\n<li data-start=\"139\" data-end=\"743\"><span style=\"color: #000000;\">el tipus\u00a0 de text (<code data-start=\"302\" data-end=\"308\">CHIS<\/code> = acudits;<code data-start=\"319\" data-end=\"325\">ANEC<\/code> = an\u00e8cdotes; <code data-start=\"319\" data-end=\"325\">EPIG<\/code> = epigrama; <code data-start=\"220\" data-end=\"226\">ENTR<\/code> = entrem\u00e8s;<code data-start=\"338\" data-end=\"344\">RELA<\/code> = relat;<code data-start=\"338\" data-end=\"344\">CUEN<\/code> = conte; <code data-start=\"271\" data-end=\"277\">NARR<\/code> = narraci\u00f3 breu; <code data-start=\"295\" data-end=\"301\">CRON<\/code> = cr\u00f2nica; <code data-start=\"313\" data-end=\"319\">NOTI<\/code> = not\u00edcia; <code data-start=\"331\" data-end=\"337\">OBIT<\/code> = obituari; <code data-start=\"350\" data-end=\"356\">ESQU<\/code> = esquela);<\/span><\/li>\n<li data-start=\"139\" data-end=\"743\"><span style=\"color: #000000;\">el format ( <code data-start=\"384\" data-end=\"387\">1<\/code> = text; <code data-start=\"396\" data-end=\"399\">2<\/code> = vinyeta; <code data-start=\"411\" data-end=\"414\">3<\/code> = tira c\u00f2mica; <code data-start=\"430\" data-end=\"433\">0<\/code> = altres);<\/span><\/li>\n<li data-start=\"139\" data-end=\"743\"><span style=\"color: #000000;\">el mitj\u00e0 de publicaci\u00f3 (<code data-start=\"502\" data-end=\"505\">1<\/code> = diari; <code data-start=\"519\" data-end=\"522\">2<\/code> = revista; <code data-start=\"534\" data-end=\"537\">3<\/code> = fullet; <code data-start=\"549\" data-end=\"552\">4<\/code> = fascicle; <code data-start=\"566\" data-end=\"569\">5<\/code> = fanz\u00edn; <code data-start=\"581\" data-end=\"584\">6<\/code> = almanaque; <code data-start=\"598\" data-end=\"601\">7<\/code> = llibre; <code data-start=\"611\" data-end=\"614\">0<\/code> = altres);<\/span><\/li>\n<li data-start=\"139\" data-end=\"743\"><span style=\"color: #000000;\">el lloc d\u2019edici\u00f3 (<code data-start=\"655\" data-end=\"660\">MAD<\/code> = Madrid; <code data-start=\"671\" data-end=\"676\">VAL<\/code> = Val\u00e8ncia; etc.);<\/span><\/li>\n<li data-start=\"139\" data-end=\"743\"><span style=\"color: #000000;\">i el n\u00famero d\u2019identificaci\u00f3 dins del corpus.<\/span><\/li>\n<\/ul>\n<p><span style=\"color: #000000;\">Per ejemple, el codi <code data-start=\"768\" data-end=\"789\">00370_ES_CHIS23_MAD<\/code> correspon a la mostra n\u00famero 370 de Humtext, classificada com un acudit en format de vinyeta \u00a0(<code data-start=\"887\" data-end=\"890\">2<\/code>) publicat en un diari ( (<code data-start=\"919\" data-end=\"922\">3<\/code>), editat a Madrid.<\/span><\/p>\n<\/div>\n<\/div><\/div><\/div><\/div><\/div><\/div>","protected":false},"excerpt":{"rendered":"<p>Cada mostra del corpus inclou una imatge escanejada del document original, acompanyada de la seva transcripci\u00f3. En aquells casos en qu\u00e8 l\u2019ortografia s\u2019allunya de la norma actual, tamb\u00e9 es proporciona una transcripci\u00f3 modernitzada, elaborada segons les normes generals vigents d\u2019escriptura de l\u2019espanyol, aix\u00ed com una edici\u00f3 cr\u00edtica, que consisteix en la comparaci\u00f3 entre la transcripci\u00f3 [&hellip;]<\/p>\n","protected":false},"author":1,"featured_media":0,"parent":0,"menu_order":0,"comment_status":"closed","ping_status":"closed","template":"","meta":{"footnotes":""},"class_list":["post-32","page","type-page","status-publish","hentry","post"],"_links":{"self":[{"href":"https:\/\/humtext.snlt.es\/ca\/wp-json\/wp\/v2\/pages\/32","targetHints":{"allow":["GET"]}}],"collection":[{"href":"https:\/\/humtext.snlt.es\/ca\/wp-json\/wp\/v2\/pages"}],"about":[{"href":"https:\/\/humtext.snlt.es\/ca\/wp-json\/wp\/v2\/types\/page"}],"author":[{"embeddable":true,"href":"https:\/\/humtext.snlt.es\/ca\/wp-json\/wp\/v2\/users\/1"}],"replies":[{"embeddable":true,"href":"https:\/\/humtext.snlt.es\/ca\/wp-json\/wp\/v2\/comments?post=32"}],"version-history":[{"count":91,"href":"https:\/\/humtext.snlt.es\/ca\/wp-json\/wp\/v2\/pages\/32\/revisions"}],"predecessor-version":[{"id":1197,"href":"https:\/\/humtext.snlt.es\/ca\/wp-json\/wp\/v2\/pages\/32\/revisions\/1197"}],"wp:attachment":[{"href":"https:\/\/humtext.snlt.es\/ca\/wp-json\/wp\/v2\/media?parent=32"}],"curies":[{"name":"wp","href":"https:\/\/api.w.org\/{rel}","templated":true}]}}