{"id":281,"date":"2025-01-02T00:01:31","date_gmt":"2025-01-01T23:01:31","guid":{"rendered":"https:\/\/humcor.snlt.es\/?page_id=281"},"modified":"2025-12-30T19:17:01","modified_gmt":"2025-12-30T18:17:01","slug":"politica-de-cookies","status":"publish","type":"page","link":"https:\/\/humtext.snlt.es\/ca\/politica-de-cookies\/","title":{"rendered":"Pol\u00edtica de cookies"},"content":{"rendered":"<div id=\"pl-281\"  class=\"panel-layout\" ><div id=\"pg-281-0\"  class=\"panel-grid panel-no-style\" ><div id=\"pgc-281-0-0\"  class=\"panel-grid-cell\" ><div id=\"panel-281-0-0-0\" class=\"so-panel widget widget_sow-editor panel-first-child panel-last-child\" data-index=\"0\" ><div class=\"texto_justificado panel-widget-style panel-widget-style-for-281-0-0-0\" ><div\n\t\t\t\n\t\t\tclass=\"so-widget-sow-editor so-widget-sow-editor-base\"\n\t\t\t\n\t\t>\n<div class=\"siteorigin-widget-tinymce textwidget\">\n\t<p data-start=\"39\" data-end=\"168\"><strong data-start=\"39\" data-end=\"86\">Data d'entrada en vigor: 1 de gener de 2025<\/strong><br data-start=\"86\" data-end=\"89\" \/><strong data-start=\"89\" data-end=\"126\">Banner de consentiment de cookies<\/strong>: Obrir banner de consentiment de cookies.<\/p>\n<h2 data-start=\"170\" data-end=\"471\"><strong data-start=\"170\" data-end=\"194\">Qu\u00e8 s\u00f3n les cookies?<\/strong><\/h2>\n<p data-start=\"170\" data-end=\"471\">Les cookies s\u00f3n petits arxius de text que s'emmagatzemen al teu dispositiu quan visites un lloc web. S'utilitzen per recordar les teves prefer\u00e8ncies, millorar la teva experi\u00e8ncia de navegaci\u00f3 i ajudar els propietaris del lloc a entendre com interactues amb el seu contingut.<\/p>\n<h2 data-start=\"473\" data-end=\"510\"><strong data-start=\"473\" data-end=\"508\">Tipus de cookies que utilitzem:<\/strong><\/h2>\n<h3><strong data-start=\"514\" data-end=\"550\">1. Cookies estrictament necess\u00e0ries<\/strong><\/h3>\n<ul>\n<li><strong>Nom de la cookie<\/strong>: CookieScriptConsent<br data-start=\"590\" data-end=\"593\" \/><strong>Prove\u00efdor<\/strong>: humtext.snlt.es<br data-start=\"618\" data-end=\"621\" \/><strong>Durada<\/strong>: 1 mes<br data-start=\"634\" data-end=\"637\" \/><strong>Descripci\u00f3<\/strong>: El servei Cookie-Script.com utilitza aquesta cookie per recordar les prefer\u00e8ncies de consentiment de cookies dels visitants. \u00c9s necessari perqu\u00e8 el banner de cookies de Cookie-Script.com funcioni correctament.<\/li>\n<\/ul>\n<h3><strong data-start=\"865\" data-end=\"889\">2. Cookies de rendiment<\/strong><\/h3>\n<ul>\n<li><strong>Nom de la cookie<\/strong>: is_unique<\/li>\n<li><strong>Prove\u00efdor<\/strong>: statcounter.com<\/li>\n<li><strong>Durada<\/strong>: 1 any i 1 mes<\/li>\n<li><strong>Descripci\u00f3<\/strong>: StatCounter estableix aquesta cookie per determinar si ets un visitant nou o recurrent.<\/li>\n<li><strong>Nom de la cookie<\/strong>: is_visitor_unique<\/li>\n<li><strong>Prove\u00efdor<\/strong>: statcounter.com<\/li>\n<li><strong>Durada<\/strong>: 1 any i 1 mes<\/li>\n<li><strong>Descripci\u00f3<\/strong>: Aquesta cookie s'utilitza per determinar si un visitant \u00e9s \u00fanic al lloc assignant un ID de visitant \u00fanic, ajudant a fer el seguiment de la navegaci\u00f3 i interacci\u00f3 dels visitants amb el lloc web amb fins estad\u00edstics.<\/li>\n<\/ul>\n<h3><strong data-start=\"1400\" data-end=\"1428\">3. Cookies de funcionalitat<\/strong><\/h3>\n<ul>\n<li><strong>Nom de la cookie<\/strong>: sc_is_visitor_unique<\/li>\n<li><strong>Prove\u00efdor<\/strong>: humtext.snlt.es<\/li>\n<li><strong>Durada<\/strong>: 1 any i 1 mes<\/li>\n<li><strong>Descripci\u00f3<\/strong>: S'utilitza per emmagatzemar el nombre de visites.<\/li>\n<\/ul>\n<h2 data-start=\"1587\" data-end=\"1817\"><strong data-start=\"1587\" data-end=\"1609\">Gesti\u00f3 de cookies:<\/strong><\/h2>\n<p data-start=\"1587\" data-end=\"1817\">Pots gestionar les teves prefer\u00e8ncies de cookies a trav\u00e9s de la configuraci\u00f3 del teu navegador. A continuaci\u00f3, es proporcionen els enlla\u00e7os per gestionar les cookies en alguns dels navegadors m\u00e9s populars:<\/p>\n<ul>\n<li><a href=\"https:\/\/support.google.com\/chrome\/answer\/95647\" target=\"_blank\" rel=\"noopener\">Google Chrome<\/a><\/li>\n<li><a href=\"https:\/\/support.mozilla.org\/en-US\/kb\/enable-and-disable-cookies-website-preferences\" target=\"_blank\" rel=\"noopener\">Mozilla Firefox<\/a><\/li>\n<li><a href=\"https:\/\/support.apple.com\/kb\/PH21411\" target=\"_blank\" rel=\"noopener\">Safari<\/a><\/li>\n<li><a href=\"https:\/\/privacy.microsoft.com\/en-us\/windows-10-microsoft-edge-and-privacy\" target=\"_blank\" rel=\"noopener\">Microsoft Edge<\/a><\/li>\n<li style=\"list-style-type: none;\"><\/li>\n<\/ul>\n<h2 data-start=\"1878\" data-end=\"2027\"><strong data-start=\"1878\" data-end=\"1897\">M\u00e9s informaci\u00f3:<\/strong><\/h2>\n<p data-start=\"1878\" data-end=\"2027\">Per obtenir m\u00e9s informaci\u00f3 sobre com utilitzem les cookies i altres dades personals, consulta la\u00a0 nostra <a href=\"https:\/\/humcor.snlt.es\/ca\/politica-de-privacidad\/\" target=\"_blank\" rel=\"noopener\">Pol\u00edtica de Privacitat<\/a>.<\/p>\n<\/div>\n<\/div><\/div><\/div><\/div><\/div><\/div>","protected":false},"excerpt":{"rendered":"<p>Data d&#8217;entrada en vigor: 1 de gener de 2025Banner de consentiment de cookies: Obrir banner de consentiment de cookies. Qu\u00e8 s\u00f3n les cookies? Les cookies s\u00f3n petits arxius de text que s&#8217;emmagatzemen al teu dispositiu quan visites un lloc web. S&#8217;utilitzen per recordar les teves prefer\u00e8ncies, millorar la teva experi\u00e8ncia de navegaci\u00f3 i ajudar els [&hellip;]<\/p>\n","protected":false},"author":1,"featured_media":0,"parent":0,"menu_order":0,"comment_status":"closed","ping_status":"closed","template":"","meta":{"footnotes":""},"class_list":["post-281","page","type-page","status-publish","hentry","post"],"_links":{"self":[{"href":"https:\/\/humtext.snlt.es\/ca\/wp-json\/wp\/v2\/pages\/281","targetHints":{"allow":["GET"]}}],"collection":[{"href":"https:\/\/humtext.snlt.es\/ca\/wp-json\/wp\/v2\/pages"}],"about":[{"href":"https:\/\/humtext.snlt.es\/ca\/wp-json\/wp\/v2\/types\/page"}],"author":[{"embeddable":true,"href":"https:\/\/humtext.snlt.es\/ca\/wp-json\/wp\/v2\/users\/1"}],"replies":[{"embeddable":true,"href":"https:\/\/humtext.snlt.es\/ca\/wp-json\/wp\/v2\/comments?post=281"}],"version-history":[{"count":21,"href":"https:\/\/humtext.snlt.es\/ca\/wp-json\/wp\/v2\/pages\/281\/revisions"}],"predecessor-version":[{"id":1259,"href":"https:\/\/humtext.snlt.es\/ca\/wp-json\/wp\/v2\/pages\/281\/revisions\/1259"}],"wp:attachment":[{"href":"https:\/\/humtext.snlt.es\/ca\/wp-json\/wp\/v2\/media?parent=281"}],"curies":[{"name":"wp","href":"https:\/\/api.w.org\/{rel}","templated":true}]}}