{"id":28,"date":"2024-08-10T17:51:38","date_gmt":"2024-08-10T15:51:38","guid":{"rendered":"https:\/\/chiscor.snlt.es\/?page_id=28"},"modified":"2026-03-31T19:54:19","modified_gmt":"2026-03-31T17:54:19","slug":"presentacion","status":"publish","type":"page","link":"https:\/\/humtext.snlt.es\/ca\/","title":{"rendered":"Inici"},"content":{"rendered":"<div id=\"pl-28\"  class=\"panel-layout\" ><div id=\"pg-28-0\"  class=\"panel-grid panel-no-style\" ><div id=\"pgc-28-0-0\"  class=\"panel-grid-cell\" ><div id=\"panel-28-0-0-0\" class=\"widget_text so-panel widget widget_custom_html panel-first-child panel-last-child\" data-index=\"0\" ><div class=\"textwidget custom-html-widget\"><div class=\"muestras-slider\"><div class=\"muestra-wrapper v1\" style=\"display:flex;\">\n                    <a href=\"https:\/\/humtext.snlt.es\/corpus-completo\/?i=00570_ES_CHIS26_MAD\"><img decoding=\"async\" src=\"https:\/\/humtext.snlt.es\/corpus\/buscador\/img\/1864697500.png\" class=\"muestra-img\"><\/a>\n                  <\/div><div class=\"muestra-wrapper v1\" style=\"display:none;\">\n                    <a href=\"https:\/\/humtext.snlt.es\/corpus-completo\/?i=01213_ES_CHIS22_MAD\"><img decoding=\"async\" src=\"https:\/\/humtext.snlt.es\/corpus\/buscador\/img\/1113849300.png\" class=\"muestra-img\"><\/a>\n                  <\/div><div class=\"muestra-wrapper v1\" style=\"display:none;\">\n                    <a href=\"https:\/\/humtext.snlt.es\/corpus-completo\/?i=01983_ES_CHIS26_MAD\"><img decoding=\"async\" src=\"https:\/\/humtext.snlt.es\/corpus\/buscador\/img\/787221312.png\" class=\"muestra-img\"><\/a>\n                  <\/div><div class=\"muestra-wrapper v1\" style=\"display:none;\">\n                    <a href=\"https:\/\/humtext.snlt.es\/corpus-completo\/?i=01197_ES_CHIS26_MAD\"><img decoding=\"async\" src=\"https:\/\/humtext.snlt.es\/corpus\/buscador\/img\/469355780.png\" class=\"muestra-img\"><\/a>\n                  <\/div><div class=\"muestra-wrapper v1\" style=\"display:none;\">\n                    <a href=\"https:\/\/humtext.snlt.es\/corpus-completo\/?i=01173_ES_CHIS26_MAD\"><img decoding=\"async\" src=\"https:\/\/humtext.snlt.es\/corpus\/buscador\/img\/185368161.png\" class=\"muestra-img\"><\/a>\n                  <\/div><div class=\"muestra-wrapper v1\" style=\"display:none;\">\n                    <a href=\"https:\/\/humtext.snlt.es\/corpus-completo\/?i=01196_ES_CHIS26_MAD\"><img decoding=\"async\" src=\"https:\/\/humtext.snlt.es\/corpus\/buscador\/img\/930378850.png\" class=\"muestra-img\"><\/a>\n                  <\/div><div class=\"muestra-wrapper v1\" style=\"display:none;\">\n                    <a href=\"https:\/\/humtext.snlt.es\/corpus-completo\/?i=01982_ES_CHIS26_MAD\"><img decoding=\"async\" src=\"https:\/\/humtext.snlt.es\/corpus\/buscador\/img\/1811682260.png\" class=\"muestra-img\"><\/a>\n                  <\/div><div class=\"muestra-wrapper v1\" style=\"display:none;\">\n                    <a href=\"https:\/\/humtext.snlt.es\/corpus-completo\/?i=01198_ES_CHIS26_MAD\"><img decoding=\"async\" src=\"https:\/\/humtext.snlt.es\/corpus\/buscador\/img\/1206294371.png\" class=\"muestra-img\"><\/a>\n                  <\/div><\/div><script>\n        jQuery(document).ready(function($){\n            let wrappers = $(\".muestra-wrapper.v1\");\n            let i = 0;\n            setInterval(function(){\n                wrappers.eq(i).fadeOut(1000);\n                i = (i + 1) % wrappers.length;\n                wrappers.eq(i).fadeIn(1000);\n            }, 5000);\n        });\n    <\/script><\/div><\/div><\/div><div id=\"pgc-28-0-1\"  class=\"panel-grid-cell\" ><div id=\"panel-28-0-1-0\" class=\"so-panel widget widget_sow-editor panel-first-child panel-last-child\" data-index=\"1\" ><div class=\"texto_justificado panel-widget-style panel-widget-style-for-28-0-1-0\" ><div\n\t\t\t\n\t\t\tclass=\"so-widget-sow-editor so-widget-sow-editor-base\"\n\t\t\t\n\t\t>\n<div class=\"siteorigin-widget-tinymce textwidget\">\n\t<p><strong data-start=\"51\" data-end=\"70\"><span style=\"color: #937a5b;\">Qu\u00e8 \u00e9s Humtext?<\/span><\/strong><br data-start=\"70\" data-end=\"73\" \/><strong>Humtext. Corpus d\u2019humor escrit<\/strong> \u00e9s un corpus en l\u00ednia dissenyat espec\u00edficament per a l\u2019estudi de l\u2019humor escrit en publicacions impreses, com ara diaris, fullets, revistes, almanacs, llibres, fascicles o fanzins. Aquest corpus complementa la base de dades multimodal <a href=\"https:\/\/humcor.snlt.es\/\" target=\"_blank\" rel=\"noopener\"><strong><span style=\"color: #800000;\">Humcor<\/span><\/strong><\/a>, que recull 125 anys de producci\u00f3 oral humor\u00edstica de diferents varietats del castell\u00e0 d\u2019Espanya, Hispanoam\u00e8rica i Guinea Equatorial.<\/p>\n<p><strong data-start=\"44\" data-end=\"67\"><span style=\"color: #937a5b;\">Qu\u00e8 inclou Humtext?<\/span><\/strong><br data-start=\"67\" data-end=\"70\" \/>Constitueix una base de dades de textos humor\u00edstics \u2014acudits, an\u00e8cdotes, epigrames, esqueles, obituaris, epitafis, relats, articles, cr\u00f2niques o not\u00edcies\u2014 provinents tamb\u00e9 de diferents formats, com vinyetes, tires c\u00f2miques, entre d\u2019altres.<\/p>\n<\/div>\n<\/div><\/div><\/div><\/div><\/div><div id=\"pg-28-1\"  class=\"panel-grid panel-no-style\" ><div id=\"pgc-28-1-0\"  class=\"panel-grid-cell\" ><div id=\"panel-28-1-0-0\" class=\"so-panel widget widget_sow-editor panel-first-child panel-last-child\" data-index=\"2\" ><div class=\"texto_justificado panel-widget-style panel-widget-style-for-28-1-0-0\" ><div\n\t\t\t\n\t\t\tclass=\"so-widget-sow-editor so-widget-sow-editor-base\"\n\t\t\t\n\t\t>\n<div class=\"siteorigin-widget-tinymce textwidget\">\n\t<p data-start=\"131\" data-end=\"557\"><span style=\"color: #937a5b;\"><strong>Quin per\u00edode abasta Humtext?<br \/>\n<\/strong><\/span>El corpus abasta un extens per\u00edode hist\u00f2ric, amb materials que daten des de l\u2019any 1495 fins a l\u2019actualitat, \u00e9s a dir, m\u00e9s de 500 anys de producci\u00f3 humor\u00edstica escrita. Els textos han estat recopilats a partir d\u2019arxius hist\u00f2rics disponibles en repositoris i hemeroteques p\u00fabliques, col\u00b7leccions personals i plataformes digitals.<\/p>\n<p><span style=\"color: #937a5b;\"><strong>Quin \u00e9s l\u2019objectiu de Humtext?<br \/>\n<\/strong><\/span>El projecte t\u00e9 com a prop\u00f2sit estudiar i documentar de manera sistem\u00e0tica i a gran escala l\u2019humor escrit en espanyol present en textos impresos, al llarg de m\u00e9s de cinc segles d\u2019hist\u00f2ria. Aix\u00ed mateix, es preveu la digitalitzaci\u00f3 de materials procedents de la premsa escrita, amb l\u2019objectiu de crear una biblioteca digital dedicada a l\u2019humor escrit.<\/p>\n<p>&nbsp;<\/p>\n<\/div>\n<\/div><\/div><\/div><\/div><div id=\"pgc-28-1-1\"  class=\"panel-grid-cell\" ><div id=\"panel-28-1-1-0\" class=\"widget_text so-panel widget widget_custom_html panel-first-child panel-last-child\" data-index=\"3\" ><div class=\"textwidget custom-html-widget\"><div class=\"muestras-slider\"><div class=\"muestra-wrapper v2\" style=\"display:flex;\">\n                    <a href=\"https:\/\/humtext.snlt.es\/corpus-completo\/?i=03560_ES_NARR27_CIU\"><img decoding=\"async\" src=\"https:\/\/humtext.snlt.es\/corpus\/buscador\/img\/1086555294.png\" class=\"muestra-img\"><\/a>\n                  <\/div><div class=\"muestra-wrapper v2\" style=\"display:none;\">\n                    <a href=\"https:\/\/humtext.snlt.es\/corpus-completo\/?i=01016_ES_CHIS21_GRA\"><img decoding=\"async\" src=\"https:\/\/humtext.snlt.es\/corpus\/buscador\/img\/1017388989.png\" class=\"muestra-img\"><\/a>\n                  <\/div><div class=\"muestra-wrapper v2\" style=\"display:none;\">\n                    <a href=\"https:\/\/humtext.snlt.es\/corpus-completo\/?i=01397_ES_CHIS22_BAR\"><img decoding=\"async\" src=\"https:\/\/humtext.snlt.es\/corpus\/buscador\/img\/335409504.png\" class=\"muestra-img\"><\/a>\n                  <\/div><div class=\"muestra-wrapper v2\" style=\"display:none;\">\n                    <a href=\"https:\/\/humtext.snlt.es\/corpus-completo\/?i=02467_ES_CHIS22_MAD\"><img decoding=\"async\" src=\"https:\/\/humtext.snlt.es\/corpus\/buscador\/img\/1984455372.png\" class=\"muestra-img\"><\/a>\n                  <\/div><div class=\"muestra-wrapper v2\" style=\"display:none;\">\n                    <a href=\"https:\/\/humtext.snlt.es\/corpus-completo\/?i=02923_ES_CHIS22_BAR\"><img decoding=\"async\" src=\"https:\/\/humtext.snlt.es\/corpus\/buscador\/img\/1990186344.png\" class=\"muestra-img\"><\/a>\n                  <\/div><div class=\"muestra-wrapper v2\" style=\"display:none;\">\n                    <a href=\"https:\/\/humtext.snlt.es\/corpus-completo\/?i=02663_ES_CHIS22_BUE\"><img decoding=\"async\" src=\"https:\/\/humtext.snlt.es\/corpus\/buscador\/img\/1866879444.png\" class=\"muestra-img\"><\/a>\n                  <\/div><div class=\"muestra-wrapper v2\" style=\"display:none;\">\n                    <a href=\"https:\/\/humtext.snlt.es\/corpus-completo\/?i=00872_ES_CHIS22_BAR\"><img decoding=\"async\" src=\"https:\/\/humtext.snlt.es\/corpus\/buscador\/img\/1574845552.png\" class=\"muestra-img\"><\/a>\n                  <\/div><div class=\"muestra-wrapper v2\" style=\"display:none;\">\n                    <a href=\"https:\/\/humtext.snlt.es\/corpus-completo\/?i=01742_ES_CHIS22_BAR\"><img decoding=\"async\" src=\"https:\/\/humtext.snlt.es\/corpus\/buscador\/img\/1631022486.png\" class=\"muestra-img\"><\/a>\n                  <\/div><\/div><script>\n        jQuery(document).ready(function($){\n            let wrappers = $(\".muestra-wrapper.v2\");\n            let i = 0;\n            setInterval(function(){\n                wrappers.eq(i).fadeOut(1000);\n                i = (i + 1) % wrappers.length;\n                wrappers.eq(i).fadeIn(1000);\n            }, 5000);\n        });\n    <\/script><\/div><\/div><\/div><\/div><\/div>","protected":false},"excerpt":{"rendered":"<p>Qu\u00e8 \u00e9s Humtext?Humtext. Corpus d\u2019humor escrit \u00e9s un corpus en l\u00ednia dissenyat espec\u00edficament per a l\u2019estudi de l\u2019humor escrit en publicacions impreses, com ara diaris, fullets, revistes, almanacs, llibres, fascicles o fanzins. Aquest corpus complementa la base de dades multimodal Humcor, que recull 125 anys de producci\u00f3 oral humor\u00edstica de diferents varietats del castell\u00e0 d\u2019Espanya, [&hellip;]<\/p>\n","protected":false},"author":1,"featured_media":0,"parent":0,"menu_order":0,"comment_status":"closed","ping_status":"closed","template":"home-panels.php","meta":{"footnotes":""},"class_list":["post-28","page","type-page","status-publish","hentry","post"],"_links":{"self":[{"href":"https:\/\/humtext.snlt.es\/ca\/wp-json\/wp\/v2\/pages\/28","targetHints":{"allow":["GET"]}}],"collection":[{"href":"https:\/\/humtext.snlt.es\/ca\/wp-json\/wp\/v2\/pages"}],"about":[{"href":"https:\/\/humtext.snlt.es\/ca\/wp-json\/wp\/v2\/types\/page"}],"author":[{"embeddable":true,"href":"https:\/\/humtext.snlt.es\/ca\/wp-json\/wp\/v2\/users\/1"}],"replies":[{"embeddable":true,"href":"https:\/\/humtext.snlt.es\/ca\/wp-json\/wp\/v2\/comments?post=28"}],"version-history":[{"count":358,"href":"https:\/\/humtext.snlt.es\/ca\/wp-json\/wp\/v2\/pages\/28\/revisions"}],"predecessor-version":[{"id":1333,"href":"https:\/\/humtext.snlt.es\/ca\/wp-json\/wp\/v2\/pages\/28\/revisions\/1333"}],"wp:attachment":[{"href":"https:\/\/humtext.snlt.es\/ca\/wp-json\/wp\/v2\/media?parent=28"}],"curies":[{"name":"wp","href":"https:\/\/api.w.org\/{rel}","templated":true}]}}