{"id":279,"date":"2025-01-01T23:59:50","date_gmt":"2025-01-01T22:59:50","guid":{"rendered":"https:\/\/humcor.snlt.es\/?page_id=279"},"modified":"2025-12-30T19:06:35","modified_gmt":"2025-12-30T18:06:35","slug":"politica-de-privacidad","status":"publish","type":"page","link":"https:\/\/humtext.snlt.es\/ca\/politica-de-privacidad\/","title":{"rendered":"Pol\u00edtica de privacitat"},"content":{"rendered":"<div id=\"pl-279\"  class=\"panel-layout\" ><div id=\"pg-279-0\"  class=\"panel-grid panel-no-style\" ><div id=\"pgc-279-0-0\"  class=\"panel-grid-cell\" ><div id=\"panel-279-0-0-0\" class=\"so-panel widget widget_sow-editor panel-first-child panel-last-child\" data-index=\"0\" ><div class=\"texto_justificado panel-widget-style panel-widget-style-for-279-0-0-0\" ><div\n\t\t\t\n\t\t\tclass=\"so-widget-sow-editor so-widget-sow-editor-base\"\n\t\t\t\n\t\t>\n<div class=\"siteorigin-widget-tinymce textwidget\">\n\t<p data-start=\"39\" data-end=\"86\"><strong data-start=\"39\" data-end=\"86\">Data d'entrada en vigor: 1 de gener de 2025<\/strong><\/p>\n<p data-start=\"88\" data-end=\"299\">A <strong>Humtext<\/strong>, ens comprometem a protegir la privacitat i seguretat dels nostres visitants i usuaris. Aquesta <strong data-start=\"193\" data-end=\"219\">Pol\u00edtica de Privacitat<\/strong> descriu com gestionem la informaci\u00f3 que recopilem a trav\u00e9s del nostre lloc web.<\/p>\n<h2 data-start=\"301\" data-end=\"545\"><strong data-start=\"301\" data-end=\"336\">Recopilaci\u00f3 de dades personals:<\/strong><\/h2>\n<p data-start=\"301\" data-end=\"545\">No recopilem cap dada personal dels nostres visitants a menys que es proporcionin volunt\u00e0riament a trav\u00e9s del nostre formulari de contacte. Les dades recopilades a trav\u00e9s del formulari de contacte inclouen:<\/p>\n<ul data-start=\"547\" data-end=\"597\">\n<li data-start=\"547\" data-end=\"554\">Nom<\/li>\n<li data-start=\"555\" data-end=\"586\">Adre\u00e7a de correu electr\u00f2nic<\/li>\n<li data-start=\"587\" data-end=\"597\">Missatge<\/li>\n<\/ul>\n<h2 data-start=\"599\" data-end=\"867\"><strong data-start=\"599\" data-end=\"629\">\u00das de les dades personals:<\/strong><\/h2>\n<p data-start=\"599\" data-end=\"867\">Les dades proporcionades a trav\u00e9s del formulari de contacte s'utilitzen exclusivament per respondre adequadament a les consultes i proporcionar la informaci\u00f3 sol\u00b7licitada. No compartim, venem ni divulgarem aquesta informaci\u00f3 a tercers.<\/p>\n<h2 data-start=\"869\" data-end=\"1194\"><strong data-start=\"869\" data-end=\"887\">\u00das de cookies:<\/strong><\/h2>\n<p data-start=\"869\" data-end=\"1194\">Utilitzem cookies \u00fanicament per a l'an\u00e0lisi del lloc web. Aquestes cookies ens ajuden a entendre com els visitants interactuen amb el nostre lloc, la qual cosa ens permet millorar la seva funcionalitat i contingut. Pots obtenir m\u00e9s informaci\u00f3 sobre les cookies d'aquest lloc web a la <a href=\"https:\/\/humtext.snlt.es\/ca\/politica-de-cookies\/\" target=\"_blank\" rel=\"noopener\">pol\u00edtica de cookies<\/a>.<\/p>\n<h2 data-start=\"1196\" data-end=\"1426\"><strong data-start=\"1196\" data-end=\"1223\">Seguretat de les dades:<\/strong><\/h2>\n<p data-start=\"1196\" data-end=\"1426\">Ens prenem molt seriosament la seguretat de les dades i hem implementat mesures t\u00e8cniques i organitzatives adequades per protegir la informaci\u00f3 proporcionada a trav\u00e9s del nostre formulari de contacte.<\/p>\n<h2 data-start=\"1428\" data-end=\"1721\"><strong data-start=\"1428\" data-end=\"1472\">Canvis a aquesta Pol\u00edtica de Privacitat:<\/strong><\/h2>\n<p data-start=\"1428\" data-end=\"1721\">Podem actualitzar aquesta Pol\u00edtica de Privacitat de tant en tant per reflectir canvis en les nostres pr\u00e0ctiques o en la legislaci\u00f3 aplicable. Publicarem qualsevol canvi a aquesta p\u00e0gina, per la qual cosa et recomanem que la revisis peri\u00f2dicament.<\/p>\n<h2 data-start=\"1723\" data-end=\"1861\"><strong data-start=\"1723\" data-end=\"1736\">Contacte:<\/strong><\/h2>\n<p data-start=\"1723\" data-end=\"1861\">Si tens alguna pregunta sobre aquesta Pol\u00edtica de Privacitat, pots contactar-nos a trav\u00e9s de la <a href=\"https:\/\/humtext.snlt.es\/ca\/contact\/\" target=\"_blank\" rel=\"noopener\">nostra p\u00e0gina de contacte<\/a>.<\/p>\n<\/div>\n<\/div><\/div><\/div><\/div><\/div><\/div>","protected":false},"excerpt":{"rendered":"<p>Data d&#8217;entrada en vigor: 1 de gener de 2025 A Humtext, ens comprometem a protegir la privacitat i seguretat dels nostres visitants i usuaris. Aquesta Pol\u00edtica de Privacitat descriu com gestionem la informaci\u00f3 que recopilem a trav\u00e9s del nostre lloc web. Recopilaci\u00f3 de dades personals: No recopilem cap dada personal dels nostres visitants a menys [&hellip;]<\/p>\n","protected":false},"author":1,"featured_media":0,"parent":0,"menu_order":0,"comment_status":"closed","ping_status":"closed","template":"","meta":{"footnotes":""},"class_list":["post-279","page","type-page","status-publish","hentry","post"],"_links":{"self":[{"href":"https:\/\/humtext.snlt.es\/ca\/wp-json\/wp\/v2\/pages\/279","targetHints":{"allow":["GET"]}}],"collection":[{"href":"https:\/\/humtext.snlt.es\/ca\/wp-json\/wp\/v2\/pages"}],"about":[{"href":"https:\/\/humtext.snlt.es\/ca\/wp-json\/wp\/v2\/types\/page"}],"author":[{"embeddable":true,"href":"https:\/\/humtext.snlt.es\/ca\/wp-json\/wp\/v2\/users\/1"}],"replies":[{"embeddable":true,"href":"https:\/\/humtext.snlt.es\/ca\/wp-json\/wp\/v2\/comments?post=279"}],"version-history":[{"count":27,"href":"https:\/\/humtext.snlt.es\/ca\/wp-json\/wp\/v2\/pages\/279\/revisions"}],"predecessor-version":[{"id":1257,"href":"https:\/\/humtext.snlt.es\/ca\/wp-json\/wp\/v2\/pages\/279\/revisions\/1257"}],"wp:attachment":[{"href":"https:\/\/humtext.snlt.es\/ca\/wp-json\/wp\/v2\/media?parent=279"}],"curies":[{"name":"wp","href":"https:\/\/api.w.org\/{rel}","templated":true}]}}